{"id":10150,"date":"2026-02-23T18:59:27","date_gmt":"2026-02-23T18:59:27","guid":{"rendered":"https:\/\/marau.ist\/?page_id=10150"},"modified":"2026-02-23T19:02:38","modified_gmt":"2026-02-23T19:02:38","slug":"right-of-withdrawal","status":"publish","type":"page","link":"https:\/\/marau.ist\/tr\/right-of-withdrawal\/","title":{"rendered":"RIGHT OF WITHDRAWAL"},"content":{"rendered":"<div data-elementor-type=\"wp-page\" data-elementor-id=\"10150\" class=\"elementor elementor-10150\" data-elementor-post-type=\"page\">\n\t\t\t\t<div class=\"elementor-element elementor-element-6b5897b0 e-flex e-con-boxed e-con e-parent\" data-id=\"6b5897b0\" data-element_type=\"container\" data-e-type=\"container\">\n\t\t\t\t\t<div class=\"e-con-inner\">\n\t\t\t\t<div class=\"elementor-element elementor-element-158fb991 elementor-widget elementor-widget-text-editor\" data-id=\"158fb991\" data-element_type=\"widget\" data-e-type=\"widget\" data-no-translation=\"\" data-widget_type=\"text-editor.default\">\n\t\t\t\t<div class=\"elementor-widget-container\">\n\t\t\t\t\t\t\t\t\t\n<h3 class=\"wp-block-heading\"><b>CAYMA HAKKI<\/b><\/h3>\n<h4><b>TARAFLAR<span class=\"Apple-converted-space\">\u00a0<\/span><\/b><\/h4>\n<h5><b>1.1 SATICI<\/b><\/h5>\n<p>Ticari Unvan :<\/p>\n<p>Adres :<span class=\"Apple-converted-space\">\u00a0<\/span><\/p>\n<p>Telefon :<\/p>\n<p>E-Posta Adresi :<\/p>\n<p>MERS\u0130S No :<\/p>\n<p>Bundan sonra &#8220;SATICI&#8221; olarak an\u0131lacakt\u0131r.<\/p>\n<h5><b>1.2 ALICI<\/b><\/h5>\n<p>Ad\u0131 Soyad\u0131 :<\/p>\n<p>Adres :<\/p>\n<p>Telefon :<\/p>\n<p>E-Posta adresi :<\/p>\n<p>Bundan sonra &#8220;ALICI&#8221; olarak an\u0131lacakt\u0131r.<\/p>\n<table cellspacing=\"0\" cellpadding=\"0\">\n<tbody>\n<tr>\n<td valign=\"middle\">\n<p><b>A\u00e7\u0131klama<\/b><b><\/b><\/p>\n<\/td>\n<td valign=\"middle\">\n<p><b>Adet<\/b><b><\/b><\/p>\n<\/td>\n<td valign=\"middle\">\n<p><b>KDV Dahil Fiyat\u0131<\/b><b><\/b><\/p>\n<\/td>\n<td valign=\"middle\">\n<p><b>Ara Toplam<\/b><b><\/b><\/p>\n<\/td>\n<\/tr>\n<tr>\n<td colspan=\"4\" valign=\"middle\">\u00a0<\/td>\n<\/tr>\n<tr>\n<td valign=\"middle\">\n<p>\u2026<\/p>\n<\/td>\n<td valign=\"middle\">\n<p>\u2026<\/p>\n<\/td>\n<td valign=\"middle\">\n<p>\u2026,..TL<\/p>\n<\/td>\n<td valign=\"middle\">\n<p>\u2026,..TL<\/p>\n<\/td>\n<\/tr>\n<tr>\n<td colspan=\"4\" valign=\"middle\">\u00a0<\/td>\n<\/tr>\n<tr>\n<td colspan=\"3\" valign=\"middle\">\n<p><b>Sipari\u015f \u0130\u015flem ve g\u00f6nderim \u00fccretleri<\/b><b><\/b><\/p>\n<\/td>\n<td valign=\"middle\">\n<p>\u00dccretsiz(?)<\/p>\n<\/td>\n<\/tr>\n<tr>\n<td colspan=\"4\" valign=\"middle\">\u00a0<\/td>\n<\/tr>\n<tr>\n<td colspan=\"3\" valign=\"middle\">\n<p><b>\u00d6deme \u015eekli<\/b><b><\/b><\/p>\n<\/td>\n<td valign=\"middle\">\n<p>Kredi kart\u0131 ile 3 taksit(\u00d6rnek)<\/p>\n<\/td>\n<\/tr>\n<tr>\n<td colspan=\"4\" valign=\"middle\">\u00a0<\/td>\n<\/tr>\n<tr>\n<td colspan=\"3\" valign=\"middle\">\n<p><b>Toplam (KDV D\u00e2hil)<\/b><b><\/b><\/p>\n<\/td>\n<td valign=\"middle\">\n<p>\u2026,..TL<\/p>\n<\/td>\n<\/tr>\n<tr>\n<td colspan=\"4\" valign=\"middle\">\u00a0<\/td>\n<\/tr>\n<tr>\n<td valign=\"middle\">\n<p><b>Ad\u0131 Soyad\u0131<\/b><b><\/b><\/p>\n<\/td>\n<td colspan=\"3\" valign=\"middle\">\n<p>\u2026<\/p>\n<\/td>\n<\/tr>\n<tr>\n<td colspan=\"4\" valign=\"middle\">\u00a0<\/td>\n<\/tr>\n<tr>\n<td valign=\"middle\">\n<p><b>Teslimat adresi<\/b><b><\/b><\/p>\n<\/td>\n<td colspan=\"3\" valign=\"middle\">\n<p>\u2026<\/p>\n<\/td>\n<\/tr>\n<tr>\n<td colspan=\"4\" valign=\"middle\">\u00a0<\/td>\n<\/tr>\n<tr>\n<td valign=\"middle\">\n<p><b>Ad\u0131Soyad\u0131 (Fatura)<\/b><b><\/b><\/p>\n<\/td>\n<td colspan=\"3\" valign=\"middle\">\n<p>\u2026<\/p>\n<\/td>\n<\/tr>\n<tr>\n<td colspan=\"4\" valign=\"middle\">\u00a0<\/td>\n<\/tr>\n<tr>\n<td valign=\"middle\">\n<p><b>Fatura adresi<\/b><b><\/b><\/p>\n<\/td>\n<td colspan=\"3\" valign=\"middle\">\n<p>\u2026<\/p>\n<\/td>\n<\/tr>\n<\/tbody>\n<\/table>\n<p><br \/>T\u00fcketici (ALICI), 14 (ond\u00f6rt) g\u00fcn i\u00e7inde herhangi bir gerek\u00e7e g\u00f6stermeksizin ve cezai \u015fart \u00f6demeksizin s\u00f6zle\u015fmeden cayma hakk\u0131na sahiptir. Cayma hakk\u0131 s\u00fcresi, hizmet ifas\u0131na ili\u015fkin s\u00f6zle\u015fmelerde s\u00f6zle\u015fmenin kuruldu\u011fu g\u00fcn; mal teslimine ili\u015fkin s\u00f6zle\u015fmelerde ise t\u00fcketicinin veya t\u00fcketici taraf\u0131ndan belirlenen \u00fc\u00e7\u00fcnc\u00fc ki\u015finin mal\u0131 teslim ald\u0131\u011f\u0131 g\u00fcn ba\u015flar. Ancak t\u00fcketici, s\u00f6zle\u015fmenin kurulmas\u0131ndan mal\u0131n teslimine kadar olan s\u00fcre i\u00e7inde de caymahakk\u0131n\u0131kullanabilir.<\/p>\n<p>Cayma hakk\u0131 s\u00fcresinin belirlenmesinde;<\/p>\n<p>Cayma hakk\u0131n\u0131n kullan\u0131lmas\u0131 i\u00e7in 14 g\u00fcnl\u00fck s\u00fcre i\u00e7inde SATICI\u2019ya yukar\u0131da bildirilen telefon veya e-posta adresine bildirimde bulunulmas\u0131 ve \u00fcr\u00fcn\u00fcn 27.11.2014 tarihinde Resmi Gazete\u2019de yay\u0131mlanan Mesafeli S\u00f6zle\u015fmeler Y\u00f6netmeli\u011fi\u2019nin \u201cCayma Hakk\u0131n\u0131n \u0130stisnalar\u0131\u201d ba\u015fl\u0131kl\u0131 15. madde h\u00fck\u00fcmleri kapsam\u0131nda olmamas\u0131 \u015fartt\u0131r.<\/p>\n<p>Cayma hakk\u0131 talebinin iletilmesinden itibaren 10 (On) g\u00fcnl\u00fck s\u00fcre i\u00e7erisinde iade edilecek \u00fcr\u00fcnlerin, kutusu, ambalaj\u0131, sertifikalar\u0131, varsa hediye \u00fcr\u00fcnleri ve aksesuarlar\u0131, hediye \u00e7ekleri ile birlikte eksiksiz ve hasars\u0131z olarak SATICI\u2019ya iade edilmesi gerekmektedir. Bu materyallerden herhangi birinin g\u00f6nderilmemesi ya da ta\u015f\u0131ma \u015firketinden kaynaklanm\u0131\u015f olsa dahi hasarl\u0131 olmas\u0131 durumunda, materyalin bedeli iade tutar\u0131ndan d\u00fc\u015f\u00fclerek iade i\u015flemi tamamlan\u0131r. ALICI, bu i\u015flemler i\u00e7in hangi yolu izleyece\u011fini SATICI\u2019yla belirtilen ileti\u015fim bilgilerinden irtibata ge\u00e7erek \u00f6\u011frenmelidir. Cayma hakk\u0131 kapsam\u0131nda \u00f6ng\u00f6r\u00fclen ta\u015f\u0131y\u0131c\u0131 DHL\u2019dir.<\/p>\n<p>T\u00fcketici a\u015fa\u011f\u0131daki s\u00f6zle\u015fmelerde cayma hakk\u0131n\u0131 kullanamaz:<\/p>\n<p>a) T\u00fcketicinin istekleri veya ki\u015fisel ihtiya\u00e7lar\u0131 do\u011frultusunda haz\u0131rlanan mallara ili\u015fkin s\u00f6zle\u015fmeler. Bu nedenle, ALICI\u2019n\u0131n iste\u011fiyle, internet sitesinde sunulan maden renginden farkl\u0131 bir renkte ki\u015fiye \u00f6zel olarak \u00fcretim yap\u0131ld\u0131\u011f\u0131nda ya da internet sitesinde sunulan y\u00fcz\u00fck \u00f6l\u00e7\u00fcs\u00fc aral\u0131\u011f\u0131, kolye ve bileklik boyu d\u0131\u015f\u0131nda verilen \u00f6zel sipari\u015flerde ya da sipari\u015f verilen \u00fcr\u00fcn\u00fcn ALICI\u2019ya tesliminden sonra, ALICI\u2019n\u0131n iste\u011fi do\u011frultusunda yap\u0131lan y\u00fcz\u00fck \u00f6l\u00e7\u00fcs\u00fc, kolye, bileklik boyu ve modelindeki de\u011fi\u015fiklikler gibi i\u015flemler yap\u0131ld\u0131\u011f\u0131nda, m\u00fc\u015fterinin \u00f6zel istekleri do\u011frultusunda \u00f6zel olarak \u00fcretimi yap\u0131lan bu mallar cayma hakk\u0131n\u0131n kullan\u0131lamayaca\u011f\u0131 \u00fcr\u00fcnler kapsam\u0131na girer.<\/p>\n<p>b) Fiyat\u0131 finansal piyasalardaki dalgalanmalara ba\u011fl\u0131 olarak de\u011fi\u015fen ve SATICI veya sa\u011flay\u0131c\u0131n\u0131n kontrol\u00fcnde olmayan mal veya hizmetlere ili\u015fkin s\u00f6zle\u015fmeler.<\/p>\n<p>c) \u00c7abuk bozulabilen veya son kullanma tarihi ge\u00e7ebilecek mallar\u0131n teslimine ili\u015fkin s\u00f6zle\u015fmeler.<\/p>\n<p>d) Tesliminden sonra ambalaj, bant, m\u00fch\u00fcr, paket gibi koruyucu unsurlar\u0131 a\u00e7\u0131lm\u0131\u015f olan mallardan; iadesi sa\u011fl\u0131k ve hijyen a\u00e7\u0131s\u0131ndan uygun olmayanlar\u0131n teslimine ili\u015fkin s\u00f6zle\u015fmeler.<\/p>\n<p>e) Tesliminden sonra ba\u015fka \u00fcr\u00fcnlerle kar\u0131\u015fan ve do\u011fas\u0131 gere\u011fi ayr\u0131\u015ft\u0131r\u0131lmas\u0131 m\u00fcmk\u00fcn olmayan mallara ili\u015fkin s\u00f6zle\u015fmeler.<\/p>\n<p>f) Mal\u0131n tesliminden sonra ambalaj, bant, m\u00fch\u00fcr, paket gibi koruyucu unsurlar\u0131 a\u00e7\u0131lm\u0131\u015f olmas\u0131 halinde maddi ortamda sunulan kitap, dijital i\u00e7erik ve bilgisayar sarf malzemelerine ili\u015fkin s\u00f6zle\u015fmeler.<\/p>\n<p>g) Abonelik s\u00f6zle\u015fmesi kapsam\u0131nda sa\u011flananlar d\u0131\u015f\u0131nda, gazete ve dergi gibi s\u00fcreli yay\u0131nlar\u0131n teslimine ili\u015fkin s\u00f6zle\u015fmeler.<\/p>\n<p>h) Belirli bir tarihte veya d\u00f6nemde yap\u0131lmas\u0131 gereken, konaklama, e\u015fya ta\u015f\u0131ma, araba kiralama, yiyecek-i\u00e7ecek tedariki ve e\u011flence veya dinlenme amac\u0131yla yap\u0131lan bo\u015f zaman\u0131n de\u011ferlendirilmesine ili\u015fkin s\u00f6zle\u015fmeler.<\/p>\n<p>i) Elektronik ortamda an\u0131nda ifa edilen hizmetler veya t\u00fcketiciye an\u0131nda teslim edilen gayri maddi mallara ili\u015fkin s\u00f6zle\u015fmeler.<\/p>\n<p>j) Cayma hakk\u0131 s\u00fcresi sona ermeden \u00f6nce, t\u00fcketicinin onay\u0131 ile ifas\u0131na ba\u015flanan hizmetlere ili\u015fkin s\u00f6zle\u015fmeler.<\/p>\n<p><b>SATICI<\/b><\/p>\n<p>Ticari Unvan :<\/p>\n<p>Adres :<span class=\"Apple-converted-space\">\u00a0<\/span><\/p>\n<p>Telefon :<\/p>\n<p>E-Posta Adresi :<\/p>\n<p>MERS\u0130S No :<\/p>\n<p><b>ALICI<\/b><\/p>\n<p>Ad\u0131 Soyad\u0131 :<\/p>\n<p>Adres :<\/p>\n<p>Telefon :<\/p>\n<p>E-Posta adresi :<\/p>\n<p><b>TAR\u0130H:<\/b><b><\/b><\/p>\n\t\t\t\t\t\t\t\t<\/div>\n\t\t\t\t<\/div>\n\t\t\t\t<div class=\"elementor-element elementor-element-69c89b6 elementor-widget elementor-widget-text-editor\" data-id=\"69c89b6\" data-element_type=\"widget\" data-e-type=\"widget\" data-no-translation=\"\" data-widget_type=\"text-editor.default\">\n\t\t\t\t<div class=\"elementor-widget-container\">\n\t\t\t\t\t<style>.elementor-element-69c89b6{display:none !important}<\/style>\t\t\t\t<\/div>\n\t\t\t\t<\/div>\n\t\t\t\t\t<\/div>\n\t\t\t\t<\/div>\n\t\t\t\t<\/div>","protected":false},"excerpt":{"rendered":"<p>CAYMA HAKKI TARAFLAR\u00a0 1.1 SATICI Ticari Unvan : Adres :\u00a0 Telefon : E-Posta Adresi : MERS\u0130S No : Bundan sonra &#8220;SATICI&#8221; olarak an\u0131lacakt\u0131r. 1.2 ALICI Ad\u0131 Soyad\u0131 : Adres : Telefon : E-Posta adresi : Bundan sonra &#8220;ALICI&#8221; olarak an\u0131lacakt\u0131r. A\u00e7\u0131klama Adet KDV Dahil Fiyat\u0131 Ara Toplam \u00a0 \u2026 \u2026 \u2026,..TL \u2026,..TL \u00a0 Sipari\u015f \u0130\u015flem [&hellip;]<\/p>\n","protected":false},"author":1,"featured_media":0,"parent":0,"menu_order":0,"comment_status":"closed","ping_status":"open","template":"","meta":{"footnotes":""},"class_list":["post-10150","page","type-page","status-publish","hentry"],"_links":{"self":[{"href":"https:\/\/marau.ist\/tr\/wp-json\/wp\/v2\/pages\/10150","targetHints":{"allow":["GET"]}}],"collection":[{"href":"https:\/\/marau.ist\/tr\/wp-json\/wp\/v2\/pages"}],"about":[{"href":"https:\/\/marau.ist\/tr\/wp-json\/wp\/v2\/types\/page"}],"author":[{"embeddable":true,"href":"https:\/\/marau.ist\/tr\/wp-json\/wp\/v2\/users\/1"}],"replies":[{"embeddable":true,"href":"https:\/\/marau.ist\/tr\/wp-json\/wp\/v2\/comments?post=10150"}],"version-history":[{"count":4,"href":"https:\/\/marau.ist\/tr\/wp-json\/wp\/v2\/pages\/10150\/revisions"}],"predecessor-version":[{"id":10154,"href":"https:\/\/marau.ist\/tr\/wp-json\/wp\/v2\/pages\/10150\/revisions\/10154"}],"wp:attachment":[{"href":"https:\/\/marau.ist\/tr\/wp-json\/wp\/v2\/media?parent=10150"}],"curies":[{"name":"wp","href":"https:\/\/api.w.org\/{rel}","templated":true}]}}