{"id":10284,"date":"2026-04-10T11:42:42","date_gmt":"2026-04-10T11:42:42","guid":{"rendered":"https:\/\/marau.ist\/?page_id=10284"},"modified":"2026-04-10T11:48:24","modified_gmt":"2026-04-10T11:48:24","slug":"right-of-withdrawal-returns","status":"publish","type":"page","link":"https:\/\/marau.ist\/tr\/right-of-withdrawal-returns\/","title":{"rendered":"Right of Withdrawal &amp; Returns"},"content":{"rendered":"<div data-elementor-type=\"wp-page\" data-elementor-id=\"10284\" class=\"elementor elementor-10284\">\n\t\t\t\t<div class=\"elementor-element elementor-element-6b5897b0 e-flex e-con-boxed e-con e-parent\" data-id=\"6b5897b0\" data-element_type=\"container\" data-e-type=\"container\">\n\t\t\t\t\t<div class=\"e-con-inner\">\n\t\t\t\t<div class=\"elementor-element elementor-element-158fb991 elementor-widget elementor-widget-text-editor\" data-id=\"158fb991\" data-element_type=\"widget\" data-e-type=\"widget\" data-no-translation=\"\" data-widget_type=\"text-editor.default\">\n\t\t\t\t<div class=\"elementor-widget-container\">\n\t\t\t\t\t\t\t\t\t\n<p><\/p>\n<h4 class=\"wp-block-heading\" data-path-to-node=\"3\"><\/h4>\n<h6 class=\"p1\">Cayma Hakk\u0131 &amp; \u0130ade Politikas\u0131<\/h6>\n<p class=\"p1\">\u2022 Mesafeli sat\u0131\u015flarda, T\u00fcketici \u00fcr\u00fcn\u00fc kendisine veya belirledi\u011fi \u00fc\u00e7\u00fcnc\u00fc ki\u015fiye teslim edildi\u011fi tarihten itibaren <strong>14 g\u00fcn<\/strong> i\u00e7inde cayma hakk\u0131n\u0131 kullanabilir.<\/p>\n<h6 class=\"p1\">Sipari\u015f \u00dczerine \u00dcretim &amp; De\u011fer Kayb\u0131<\/h6>\n<p class=\"p1\">\u2022 Mar\u0101u \u00fcr\u00fcnleri <strong>stokta haz\u0131r bulundurulmaz,<\/strong> sipari\u015f \u00fczerine ve <strong>s\u0131n\u0131rl\u0131 edisyon<\/strong> olarak \u00fcretilir.<\/p>\n<p class=\"p1\">\u2022 Sipari\u015fin ard\u0131ndan \u00fcretim s\u00fcreci derhal ba\u015flar ve bu s\u00fcre\u00e7te olu\u015fan i\u015f\u00e7ilik, malzeme ve planlama maliyetleri geri al\u0131namaz niteliktedir.<\/p>\n<p class=\"p1\">\u2022 Bu nedenle cayma hakk\u0131n\u0131n kullan\u0131lmas\u0131 halinde, \u00fcretim a\u015famas\u0131na ba\u011fl\u0131 olarak <strong>de\u011fer kayb\u0131 uygulanabilir:<\/strong><\/p>\n<p class=\"p1\">\u2013 \u00dcretime ba\u015flanm\u0131\u015fsa: \u00fcr\u00fcn bedelinin <strong>%75\u2019ine kadar<\/strong><\/p>\n<p class=\"p1\">\u2013 \u00dcretim tamamlanm\u0131\u015f veya \u00fcr\u00fcn sevke haz\u0131rsa: \u00fcr\u00fcn bedelinin <strong>%90\u2019\u0131na kadar<\/strong><\/p>\n<p class=\"p1\">\u2022 Uygulanacak de\u011fer kayb\u0131 oran\u0131, cayma talebinin iletildi\u011fi tarihte gelinen \u00fcretim a\u015famas\u0131na g\u00f6re belirlenir.<\/p>\n<h6 class=\"p1\">\u0130ade &amp; De\u011fi\u015fim<\/h6>\n<p class=\"p1\"><strong>\u2022 Ay\u0131pl\u0131 \u00fcr\u00fcnler d\u0131\u015f\u0131nda iade veya de\u011fi\u015fim kabul edilmez.<\/strong><\/p>\n<p class=\"p1\">\u2022 Ay\u0131pl\u0131 oldu\u011fu d\u00fc\u015f\u00fcn\u00fclen \u00fcr\u00fcnler, teslim tarihinden itibaren makul s\u00fcre i\u00e7inde Sat\u0131c\u0131\u2019ya bildirilmelidir. Talepler, <strong>6502 say\u0131l\u0131 T\u00fcketicinin Korunmas\u0131 Hakk\u0131nda Kanun<\/strong> ve ilgili mevzuat kapsam\u0131nda de\u011ferlendirilir.<\/p>\n<p class=\"p1\">\u2022 Sat\u0131c\u0131\u2019n\u0131n ay\u0131pl\u0131 mala ili\u015fkin sorumlulu\u011fu, kanunda d\u00fczenlenen se\u00e7imlik haklarla s\u0131n\u0131rl\u0131d\u0131r.<\/p>\n<h4 data-path-to-node=\"3\"><\/h4>\n<p><\/p>\n\t\t\t\t\t\t\t\t<\/div>\n\t\t\t\t<\/div>\n\t\t\t\t<div class=\"elementor-element elementor-element-69c89b6 elementor-widget elementor-widget-text-editor\" data-id=\"69c89b6\" data-element_type=\"widget\" data-e-type=\"widget\" data-no-translation=\"\" data-widget_type=\"text-editor.default\">\n\t\t\t\t<div class=\"elementor-widget-container\">\n\t\t\t\t\t<style>.elementor-element-69c89b6{display:none !important}<\/style>\t\t\t\t<\/div>\n\t\t\t\t<\/div>\n\t\t\t\t\t<\/div>\n\t\t\t\t<\/div>\n\t\t\t\t<\/div>","protected":false},"excerpt":{"rendered":"<p>Right of Withdrawal &amp; Returns \u2022 For distance sales, Customers may exercise their right of withdrawal within 14 days from the date the product is delivered to them or to a third party designated by them. Value Reduction for Made-to Order Pieces \u2022 All Mar\u0101u pieces are made-to-order and produced in limited editions. As production [&hellip;]<\/p>\n","protected":false},"author":1,"featured_media":0,"parent":0,"menu_order":0,"comment_status":"closed","ping_status":"open","template":"","meta":{"footnotes":""},"class_list":["post-10284","page","type-page","status-publish","hentry"],"_links":{"self":[{"href":"https:\/\/marau.ist\/tr\/wp-json\/wp\/v2\/pages\/10284","targetHints":{"allow":["GET"]}}],"collection":[{"href":"https:\/\/marau.ist\/tr\/wp-json\/wp\/v2\/pages"}],"about":[{"href":"https:\/\/marau.ist\/tr\/wp-json\/wp\/v2\/types\/page"}],"author":[{"embeddable":true,"href":"https:\/\/marau.ist\/tr\/wp-json\/wp\/v2\/users\/1"}],"replies":[{"embeddable":true,"href":"https:\/\/marau.ist\/tr\/wp-json\/wp\/v2\/comments?post=10284"}],"version-history":[{"count":4,"href":"https:\/\/marau.ist\/tr\/wp-json\/wp\/v2\/pages\/10284\/revisions"}],"predecessor-version":[{"id":10288,"href":"https:\/\/marau.ist\/tr\/wp-json\/wp\/v2\/pages\/10284\/revisions\/10288"}],"wp:attachment":[{"href":"https:\/\/marau.ist\/tr\/wp-json\/wp\/v2\/media?parent=10284"}],"curies":[{"name":"wp","href":"https:\/\/api.w.org\/{rel}","templated":true}]}}