{"id":10290,"date":"2026-04-10T11:51:07","date_gmt":"2026-04-10T11:51:07","guid":{"rendered":"https:\/\/marau.ist\/?page_id=10290"},"modified":"2026-04-10T11:52:54","modified_gmt":"2026-04-10T11:52:54","slug":"delivery-terms","status":"publish","type":"page","link":"https:\/\/marau.ist\/tr\/delivery-terms\/","title":{"rendered":"Delivery Terms"},"content":{"rendered":"<div data-elementor-type=\"wp-page\" data-elementor-id=\"10290\" class=\"elementor elementor-10290\">\n\t\t\t\t<div class=\"elementor-element elementor-element-6b5897b0 e-flex e-con-boxed e-con e-parent\" data-id=\"6b5897b0\" data-element_type=\"container\" data-e-type=\"container\">\n\t\t\t\t\t<div class=\"e-con-inner\">\n\t\t\t\t<div class=\"elementor-element elementor-element-158fb991 elementor-widget elementor-widget-text-editor\" data-id=\"158fb991\" data-element_type=\"widget\" data-e-type=\"widget\" data-no-translation=\"\" data-widget_type=\"text-editor.default\">\n\t\t\t\t<div class=\"elementor-widget-container\">\n\t\t\t\t\t\t\t\t\t\n<p><\/p>\n<h4 class=\"wp-block-heading\" data-path-to-node=\"3\"><\/h4>\n<h6 class=\"p1\">Teslimat Ko\u015fullar\u0131<\/h6>\n<p class=\"p1\"><span class=\"s1\">\u2022 <\/span>Sat\u0131\u015f bedelinin eksiksiz olarak Sat\u0131c\u0131\u2019ya ula\u015fmas\u0131, \u00fcretim veya sevkiyat s\u00fcrecinin ba\u015flat\u0131lmas\u0131n\u0131n \u00f6n \u015fart\u0131d\u0131r. \u00d6deme onay\u0131n\u0131n al\u0131nmas\u0131n\u0131 takiben Sat\u0131c\u0131 \u00fcretim veya sevkiyat s\u00fcrecini ba\u015flat\u0131r.<\/p>\n<p class=\"p1\">\u2022 Sipari\u015f \u00fczerine \u00fcretilen ve s\u0131n\u0131rl\u0131 edisyon \u00fcr\u00fcnlerde teslim s\u00fcresi ortalama 4\u20138 hafta aras\u0131nda de\u011fi\u015fmektedir. \u00dcretim s\u00fcresi sipari\u015f onay\u0131nda ayr\u0131ca bildirilir.<\/p>\n<p class=\"p1\">\u2022 T\u00fcm g\u00f6nderimler anla\u015fmal\u0131 profesyonel kargo ve lojistik firmalar\u0131 arac\u0131l\u0131\u011f\u0131yla yap\u0131l\u0131r. Uluslararas\u0131 g\u00f6nderimlerde teslim s\u00fcresi \u00fclkeye g\u00f6re de\u011fi\u015fiklik g\u00f6sterebilir.<\/p>\n<p class=\"p1\">\u2022 Mar\u0101u \u00fcr\u00fcnleri, y\u00fczey ve el i\u015f\u00e7ili\u011fi detaylar\u0131n\u0131 koruyacak \u015fekilde \u00f6zel ambalaj ile haz\u0131rlan\u0131r. Gerekli durumlarda g\u00fc\u00e7lendirilmi\u015f paketleme uygulan\u0131r.<\/p>\n<p class=\"p1\">\u2022 Her s\u0131n\u0131rl\u0131 edisyon \u00fcr\u00fcn, \u00f6zel edisyon numaras\u0131 bulunan imzal\u0131 sertifikas\u0131yla birlikte teslim edilir.<\/p>\n<p class=\"p1\">\u2022 Teslimat s\u0131ras\u0131nda \u00fcr\u00fcn\u00fcn kontrol edilmesi \u00f6nerilir. Hasar durumunda kargo tutana\u011f\u0131 tutulmas\u0131 gerekmektedir.<\/p>\n<h4 data-path-to-node=\"3\"><\/h4>\n<p><\/p>\n\t\t\t\t\t\t\t\t<\/div>\n\t\t\t\t<\/div>\n\t\t\t\t<div class=\"elementor-element elementor-element-69c89b6 elementor-widget elementor-widget-text-editor\" data-id=\"69c89b6\" data-element_type=\"widget\" data-e-type=\"widget\" data-no-translation=\"\" data-widget_type=\"text-editor.default\">\n\t\t\t\t<div class=\"elementor-widget-container\">\n\t\t\t\t\t<style>.elementor-element-69c89b6{display:none !important}<\/style>\t\t\t\t<\/div>\n\t\t\t\t<\/div>\n\t\t\t\t\t<\/div>\n\t\t\t\t<\/div>\n\t\t\t\t<\/div>","protected":false},"excerpt":{"rendered":"<p>Delivery Terms \u2022 Full payment of the purchase price is a prerequisite for the initiation of production or shipment. Upon confirmation of receipt of payment, the Seller will commence the production or dispatch process. \u2022 For made-to-order and limited edition pieces, the estimated delivery time ranges between 4\u20138 weeks. The exact production timeline will be [&hellip;]<\/p>\n","protected":false},"author":1,"featured_media":0,"parent":0,"menu_order":0,"comment_status":"closed","ping_status":"open","template":"","meta":{"footnotes":""},"class_list":["post-10290","page","type-page","status-publish","hentry"],"_links":{"self":[{"href":"https:\/\/marau.ist\/tr\/wp-json\/wp\/v2\/pages\/10290","targetHints":{"allow":["GET"]}}],"collection":[{"href":"https:\/\/marau.ist\/tr\/wp-json\/wp\/v2\/pages"}],"about":[{"href":"https:\/\/marau.ist\/tr\/wp-json\/wp\/v2\/types\/page"}],"author":[{"embeddable":true,"href":"https:\/\/marau.ist\/tr\/wp-json\/wp\/v2\/users\/1"}],"replies":[{"embeddable":true,"href":"https:\/\/marau.ist\/tr\/wp-json\/wp\/v2\/comments?post=10290"}],"version-history":[{"count":4,"href":"https:\/\/marau.ist\/tr\/wp-json\/wp\/v2\/pages\/10290\/revisions"}],"predecessor-version":[{"id":10294,"href":"https:\/\/marau.ist\/tr\/wp-json\/wp\/v2\/pages\/10290\/revisions\/10294"}],"wp:attachment":[{"href":"https:\/\/marau.ist\/tr\/wp-json\/wp\/v2\/media?parent=10290"}],"curies":[{"name":"wp","href":"https:\/\/api.w.org\/{rel}","templated":true}]}}