{"id":9568,"date":"2025-07-02T18:22:11","date_gmt":"2025-07-02T18:22:11","guid":{"rendered":"https:\/\/marau.ist\/?page_id=9568"},"modified":"2026-04-18T10:29:43","modified_gmt":"2026-04-18T10:29:43","slug":"about","status":"publish","type":"page","link":"https:\/\/marau.ist\/tr\/about\/","title":{"rendered":"About"},"content":{"rendered":"<div data-elementor-type=\"wp-page\" data-elementor-id=\"9568\" class=\"elementor elementor-9568\">\n\t\t\t\t\t\t<section data-dynamic-background-color=\"#F1F0EC\" class=\"elementor-section elementor-top-section elementor-element elementor-element-26c444d2 elementor-section-full_width elementor-reverse-mobile elementor-section-height-default elementor-section-height-default qodef-elementor-content-no qodef-elementor-column-no\" data-id=\"26c444d2\" data-element_type=\"section\" data-e-type=\"section\">\n\t\t\t\t\t\t<div class=\"elementor-container elementor-column-gap-default\">\n\t\t\t\t\t<div class=\"elementor-column elementor-col-50 elementor-top-column elementor-element elementor-element-390329a1\" data-id=\"390329a1\" data-element_type=\"column\" data-e-type=\"column\">\n\t\t\t<div class=\"elementor-widget-wrap elementor-element-populated\">\n\t\t\t\t\t\t<div class=\"elementor-element elementor-element-57ee35d0 elementor-widget elementor-widget-hiroshi_core_section_title\" data-id=\"57ee35d0\" data-element_type=\"widget\" data-e-type=\"widget\" data-widget_type=\"hiroshi_core_section_title.default\">\n\t\t\t\t<div class=\"elementor-widget-container\">\n\t\t\t\t\t<div class=\"qodef-shortcode qodef-m qodef-section-title qodef-alignment--left qodef-title-break--disabled\">\n\t\t<h5 class=\"qodef-m-title\" >\n\t\t\t\t\tM\u0130SYONUMUZ\t\t\t<\/h5>\n\t<\/div>\n\t\t\t\t<\/div>\n\t\t\t\t<\/div>\n\t\t\t\t<div class=\"elementor-element elementor-element-48c324c6 elementor-widget elementor-widget-text-editor\" data-id=\"48c324c6\" data-element_type=\"widget\" data-e-type=\"widget\" data-widget_type=\"text-editor.default\">\n\t\t\t\t<div class=\"elementor-widget-container\">\n\t\t\t\t\t\t\t\t\t<h6>Anadolu\u2019nun Kadim Zanaatlar\u0131yla Gelece\u011fe Yolculuk<\/h6>\t\t\t\t\t\t\t\t<\/div>\n\t\t\t\t<\/div>\n\t\t\t\t<div class=\"elementor-element elementor-element-215b73f7 elementor-widget elementor-widget-text-editor\" data-id=\"215b73f7\" data-element_type=\"widget\" data-e-type=\"widget\" data-widget_type=\"text-editor.default\">\n\t\t\t\t<div class=\"elementor-widget-container\">\n\t\t\t\t\t\t\t\t\t<p style=\"text-align: justify;\"><span style=\"color: #6b3529;\">Anadolu, insan\u0131, k\u00fclt\u00fcr\u00fc ve sanat\u0131yla e\u015fi benzeri olmayan bir yerdir. Anadolu\u2019nun kadim zanaatlar\u0131, tarihin bize arma\u011fan etti\u011fi en b\u00fcy\u00fck hazineler aras\u0131nda yer al\u0131r. Bu topraklarda do\u011fup b\u00fcy\u00fcyen biri olarak, kaybolmaya y\u00fcz tutmu\u015f de\u011ferlerimizin unutulan g\u00fczelliklerini \u00fcr\u00fcnlerimize ta\u015f\u0131yarak yeniden g\u00fcn y\u00fcz\u00fcne \u00e7\u0131karmak istedik.<\/span><\/p><p style=\"text-align: justify;\"><span style=\"color: #6b3529;\">Anadolu, y\u00fczy\u0131llar boyunca say\u0131s\u0131z medeniyete ev sahipli\u011fi yapm\u0131\u015f, her biri izlerini b\u0131rakarak zengin bir k\u00fclt\u00fcrel mozaik olu\u015fturmu\u015ftur. Hititlerden Urartulara, Friglerden Romal\u0131lara kadar pek \u00e7ok medeniyet, zanaatlar\u0131n ve mesleklerin geli\u015fimine katk\u0131da bulunmu\u015ftur. Ancak teknolojinin ilerlemesi ve sanayile\u015fmenin yayg\u0131nla\u015fmas\u0131yla birlikte bu sanatlara olan ilgi azalm\u0131\u015f, e\u015fsiz el yap\u0131m\u0131 \u00fcr\u00fcnlerimiz yok olma tehlikesiyle kar\u015f\u0131 kar\u015f\u0131ya kalm\u0131\u015ft\u0131r.<\/span><\/p><p style=\"text-align: justify;\"><span style=\"color: #6b3529;\">Markam\u0131z\u0131n misyonu, ge\u00e7mi\u015fin zanaatk\u00e2rl\u0131\u011f\u0131n\u0131 gelece\u011fe ta\u015f\u0131makt\u0131r. K\u00fclt\u00fcrel zenginli\u011fimizin devaml\u0131l\u0131\u011f\u0131n\u0131 sa\u011flamak ve neredeyse unutulmaya y\u00fcz tutmu\u015f zanaatlar\u0131 \u00fcr\u00fcnlerimiz arac\u0131l\u0131\u011f\u0131yla yeniden canland\u0131rmay\u0131 hedefliyoruz.<\/span><\/p><p style=\"text-align: justify;\"><span style=\"color: #6b3529;\">Her bir \u00fcr\u00fcn\u00fcm\u00fcz\u00fcn kendine \u00f6zg\u00fc bir hik\u00e2yesi, \u00fcretim s\u00fcreci ve yolculu\u011fu vard\u0131r. G\u00f6beklitepe\u2019deki \u201cT\u201d bi\u00e7imli ta\u015flar\u0131 oyan eller, Mardin\u2019in ta\u015f evlerini g\u00fczelle\u015ftiren ustalar ve \u00c7atalh\u00f6y\u00fck\u2019te Ana Tanr\u0131\u00e7a fig\u00fcr\u00fcn\u00fc \u015fekillendiren zanaatk\u00e2rlar nas\u0131l iz b\u0131rakm\u0131\u015fsa, tasar\u0131mlar\u0131m\u0131z da y\u00fczy\u0131llar i\u00e7inde evrilmi\u015f kadim ustalar\u0131n dokunu\u015flar\u0131n\u0131 ve tekniklerini ta\u015f\u0131maktad\u0131r.<\/span><\/p><p style=\"text-align: justify;\"><span style=\"color: #6b3529;\">Hatay\u2019da dokunan ipek kuma\u015flardan, Antep\u2019te bak\u0131rc\u0131l\u0131k sanat\u0131yla i\u015flenen bak\u0131r detaylara; kadim ta\u015f oyma sanat\u0131n\u0131n izlerini ta\u015f\u0131yan Mardin Ta\u015f\u0131 ile yap\u0131lan aksesuar ve detaylara kadar, farkl\u0131 b\u00f6lgelerden ustalar bu tasar\u0131mlar\u0131 y\u00fczy\u0131llard\u0131r kullan\u0131lan tekniklerle hayata ge\u00e7irmektedir. Her biri benzersiz bir sanat eseri olan \u00fcr\u00fcnlerimiz, Anadolu\u2019nun kadim zanaatlar\u0131n\u0131n ve ustalar\u0131n\u0131n hik\u00e2yesini sizinle bulu\u015fturmaktad\u0131r.<\/span><\/p><p style=\"text-align: justify;\"><span style=\"color: #6b3529;\">Bu de\u011ferli usta ve zanaatk\u00e2rlar taraf\u0131ndan ortaya konan emek ve sanat eserlerini g\u00fcn y\u00fcz\u00fcne \u00e7\u0131karmak bizler i\u00e7in b\u00fcy\u00fck bir mutluluktur. \u00dcr\u00fcnlerimizde korunan her bir dokunu\u015f, Anadolu\u2019nun binlerce y\u0131ll\u0131k tarihinden bir par\u00e7ay\u0131 gelece\u011fe ta\u015f\u0131maktad\u0131r. Bu \u00fcr\u00fcnleri d\u00fcnyaya tan\u0131tmak ve kaybolmaya y\u00fcz tutmu\u015f de\u011ferlerimize \u0131\u015f\u0131k tutmak, tasar\u0131mlar\u0131m\u0131z\u0131n ayr\u0131lmaz bir par\u00e7as\u0131d\u0131r.<\/span><\/p>\t\t\t\t\t\t\t\t<\/div>\n\t\t\t\t<\/div>\n\t\t\t\t\t<\/div>\n\t\t<\/div>\n\t\t\t\t<div class=\"elementor-column elementor-col-50 elementor-top-column elementor-element elementor-element-5e83d7be\" data-id=\"5e83d7be\" data-element_type=\"column\" data-e-type=\"column\">\n\t\t\t<div class=\"elementor-widget-wrap\">\n\t\t\t\t\t\t\t<\/div>\n\t\t<\/div>\n\t\t\t\t\t<\/div>\n\t\t<\/section>\n\t\t\t\t<section data-dynamic-background-color=\"#F4F2EE\" class=\"elementor-section elementor-top-section elementor-element elementor-element-77198b2e elementor-section-full_width qodef-elementor-column-scrollable elementor-section-height-default elementor-section-height-default qodef-elementor-content-no\" data-id=\"77198b2e\" data-element_type=\"section\" data-e-type=\"section\" data-settings=\"{&quot;background_background&quot;:&quot;classic&quot;}\">\n\t\t\t\t\t\t<div class=\"elementor-container elementor-column-gap-default\">\n\t\t\t\t\t<div class=\"elementor-column elementor-col-50 elementor-top-column elementor-element elementor-element-fb6f27c\" data-id=\"fb6f27c\" data-element_type=\"column\" data-e-type=\"column\">\n\t\t\t<div class=\"elementor-widget-wrap elementor-element-populated\">\n\t\t\t\t\t\t<div class=\"elementor-element elementor-element-302e4888 elementor-widget elementor-widget-hiroshi_core_single_image\" data-id=\"302e4888\" data-element_type=\"widget\" data-e-type=\"widget\" data-widget_type=\"hiroshi_core_single_image.default\">\n\t\t\t\t<div class=\"elementor-widget-container\">\n\t\t\t\t\t<div class=\"qodef-shortcode qodef-m qodef-single-image qodef-layout--default\">\n\t\t\t<div class=\"qodef-m-image\">\n\t\t\t\t\t\t\t\t<img fetchpriority=\"high\" decoding=\"async\" width=\"2560\" height=\"2521\" src=\"https:\/\/marau.ist\/wp-content\/uploads\/2025\/07\/missn-scaled.webp\" class=\"attachment-full size-full\" alt=\"\" srcset=\"https:\/\/marau.ist\/wp-content\/uploads\/2025\/07\/missn-scaled.webp 2560w, https:\/\/marau.ist\/wp-content\/uploads\/2025\/07\/missn-300x295.webp 300w, https:\/\/marau.ist\/wp-content\/uploads\/2025\/07\/missn-scaled-600x591.webp 600w, https:\/\/marau.ist\/wp-content\/uploads\/2025\/07\/missn-1024x1009.webp 1024w, https:\/\/marau.ist\/wp-content\/uploads\/2025\/07\/missn-768x756.webp 768w, https:\/\/marau.ist\/wp-content\/uploads\/2025\/07\/missn-1536x1513.webp 1536w, https:\/\/marau.ist\/wp-content\/uploads\/2025\/07\/missn-2048x2017.webp 2048w\" sizes=\"(max-width: 2560px) 100vw, 2560px\" \/>\t\t\t\t\t\t\t<\/div>\n\t<\/div>\n\t\t\t\t<\/div>\n\t\t\t\t<\/div>\n\t\t\t\t\t<\/div>\n\t\t<\/div>\n\t\t\t\t<div class=\"elementor-column elementor-col-50 elementor-top-column elementor-element elementor-element-6ccb3784\" data-id=\"6ccb3784\" data-element_type=\"column\" data-e-type=\"column\">\n\t\t\t<div class=\"elementor-widget-wrap elementor-element-populated\">\n\t\t\t\t\t\t<div class=\"elementor-element elementor-element-79ddc010 elementor-widget elementor-widget-text-editor\" data-id=\"79ddc010\" data-element_type=\"widget\" data-e-type=\"widget\" data-widget_type=\"text-editor.default\">\n\t\t\t\t<div class=\"elementor-widget-container\">\n\t\t\t\t\t\t\t\t\t<h6>NEDEN Marau?<\/h6>\t\t\t\t\t\t\t\t<\/div>\n\t\t\t\t<\/div>\n\t\t\t\t<div class=\"elementor-element elementor-element-b0390e7 elementor-widget elementor-widget-text-editor\" data-id=\"b0390e7\" data-element_type=\"widget\" data-e-type=\"widget\" data-widget_type=\"text-editor.default\">\n\t\t\t\t<div class=\"elementor-widget-container\">\n\t\t\t\t\t\t\t\t\t<p style=\"text-align: justify;\"><span style=\"color: #6b3529;\">Marka ad\u0131m\u0131z\u0131, ilk koleksiyonumuza da ilham veren Hitit dilinden ald\u0131k. Hitit\u00e7e\u2019de \u201cMarau\u201d kelimesi, ah\u015fap mobilya anlam\u0131na gelmektedir.<\/span><\/p><p style=\"text-align: justify;\"><span style=\"color: #6b3529;\">Logomuzda, \u201cMarau\u201d kelimesi, bilinen Hint-Avrupa dillerinin atas\u0131 kabul edilen ve en \u00f6nemlisi Anadolu k\u00f6kenli eski bir yaz\u0131 sistemi olan Hitit \u00e7ivi yaz\u0131s\u0131yla yer almaktad\u0131r. Bu yaz\u0131, Hititologlar\u0131n katk\u0131lar\u0131yla titizlikle yaz\u0131lm\u0131\u015ft\u0131r.<\/span><\/p>\t\t\t\t\t\t\t\t<\/div>\n\t\t\t\t<\/div>\n\t\t\t\t<div class=\"elementor-element elementor-element-41ead00 elementor-widget elementor-widget-text-editor\" data-id=\"41ead00\" data-element_type=\"widget\" data-e-type=\"widget\" data-widget_type=\"text-editor.default\">\n\t\t\t\t<div class=\"elementor-widget-container\">\n\t\t\t\t\t\t\t\t\t<h6>Neden Hitit Medeniyeti?<\/h6>\t\t\t\t\t\t\t\t<\/div>\n\t\t\t\t<\/div>\n\t\t\t\t<div class=\"elementor-element elementor-element-ca726aa elementor-widget elementor-widget-text-editor\" data-id=\"ca726aa\" data-element_type=\"widget\" data-e-type=\"widget\" data-widget_type=\"text-editor.default\">\n\t\t\t\t<div class=\"elementor-widget-container\">\n\t\t\t\t\t\t\t\t\t<p style=\"text-align: justify;\"><span style=\"color: #6b3529;\">Anadolu topraklar\u0131n\u0131n bizlere sundu\u011fu zenginlik sonsuzdur. K\u00fclt\u00fcr\u00fc, insanlar\u0131, zanaatk\u00e2rl\u0131\u011f\u0131 ve ya\u015fam bi\u00e7imi e\u015fsizdir ve binlerce y\u0131ld\u0131r farkl\u0131 k\u00fclt\u00fcrlerle harmanlanm\u0131\u015ft\u0131r. Markam\u0131z\u0131n misyonu, Anadolu\u2019nun kaybolmu\u015f kadim zanaatlar\u0131n\u0131 tasar\u0131mlar\u0131m\u0131z arac\u0131l\u0131\u011f\u0131yla g\u00fcn\u00fcm\u00fcze ve gelece\u011fe ta\u015f\u0131makt\u0131r. Bu do\u011frultuda, Anadolu\u2019da bilinen ilk medeniyet olan ve 600 y\u0131l boyunca bu topraklar\u0131 y\u00f6neten Hitit medeniyetinden marka ad\u0131m\u0131z\u0131 ve kimli\u011fimizi t\u00fcretmek istedik; \u00e7\u00fcnk\u00fc Hititler Anadolu\u2019yu bug\u00fcn oldu\u011fu \u015fekle getiren temel yap\u0131 ta\u015flar\u0131ndan biridir.<\/span><\/p><p style=\"text-align: justify;\"><span style=\"color: #6b3529;\">Aylar s\u00fcren ara\u015ft\u0131rmalar ve Hititlerin ba\u015fkenti \u00c7orum Hattu\u015fa\u2019daki rehberli turlar sonras\u0131nda, onlara bir sayg\u0131 duru\u015fu olarak ilk koleksiyonumuzu Hitit medeniyetinden ilham alarak olu\u015fturma karar\u0131 verdik. \u0130lk koleksiyonumuzda, Anadolu\u2019nun farkl\u0131 b\u00f6lgelerinden \u00e7e\u015fitli zanaatlar\u0131n detaylar\u0131yla i\u015flenmi\u015f, \u00f6zel ve 10 par\u00e7al\u0131k bu seride Hitit medeniyetinin izlerini bulabilirsiniz. Her biri kendine \u00f6zg\u00fc bir hik\u00e2yeye sahip \u00fcr\u00fcnlerimizi, \u00f6zel yap\u0131m s\u00fcreci (making-of) belgeleriyle sizlere sunmay\u0131 ama\u00e7lad\u0131k.<\/span><\/p>\t\t\t\t\t\t\t\t<\/div>\n\t\t\t\t<\/div>\n\t\t\t\t\t<\/div>\n\t\t<\/div>\n\t\t\t\t\t<\/div>\n\t\t<\/section>\n\t\t\t\t<section data-dynamic-background-color=\"#FFFFFF\" class=\"elementor-section elementor-top-section elementor-element elementor-element-759e3505 elementor-reverse-tablet elementor-reverse-mobile elementor-section-boxed elementor-section-height-default elementor-section-height-default qodef-elementor-content-no qodef-elementor-column-no\" data-id=\"759e3505\" data-element_type=\"section\" data-e-type=\"section\">\n\t\t\t\t\t\t<div class=\"elementor-container elementor-column-gap-default\">\n\t\t\t\t\t<div class=\"elementor-column elementor-col-50 elementor-top-column elementor-element elementor-element-6540d92b\" data-id=\"6540d92b\" data-element_type=\"column\" data-e-type=\"column\">\n\t\t\t<div class=\"elementor-widget-wrap elementor-element-populated\">\n\t\t\t\t\t\t<div class=\"elementor-element elementor-element-e784fd4 elementor-widget__width-auto elementor-widget elementor-widget-hiroshi_core_single_image\" data-id=\"e784fd4\" data-element_type=\"widget\" data-e-type=\"widget\" data-widget_type=\"hiroshi_core_single_image.default\">\n\t\t\t\t<div class=\"elementor-widget-container\">\n\t\t\t\t\t<div class=\"qodef-shortcode qodef-m qodef-single-image qodef-layout--default qodef--retina\">\n\t\t\t<div class=\"qodef-m-image\">\n\t\t\t\t\t\t\t\t\t\t\t\t\t\t<img decoding=\"async\" itemprop=\"image\" src=\"https:\/\/marau.ist\/wp-content\/uploads\/2025\/07\/dilara-1.webp\" width=\"533\" height=\"800\" alt=\"\" \/>\n\t\t\t\t\t\t\t\t\t\t\t\t\t<\/div>\n\t<\/div>\n\t\t\t\t<\/div>\n\t\t\t\t<\/div>\n\t\t\t\t<div class=\"elementor-element elementor-element-3e5eadf2 elementor-widget elementor-widget-hiroshi_core_section_title\" data-id=\"3e5eadf2\" data-element_type=\"widget\" data-e-type=\"widget\" data-widget_type=\"hiroshi_core_section_title.default\">\n\t\t\t\t<div class=\"elementor-widget-container\">\n\t\t\t\t\t<div class=\"qodef-shortcode qodef-m qodef-section-title qodef-alignment--center qodef-title-break--disabled\">\n\t\t<h5 class=\"qodef-m-title\" >\n\t\t\t\t\tD\u0130LARA TOKATLIO\u011eLU\t\t\t<\/h5>\n\t\t<p class=\"qodef-m-text\" style=\"margin-top: 5px\">Mimar ve Peyzaj Mimar\u0131.<\/p>\n<\/div>\n\t\t\t\t<\/div>\n\t\t\t\t<\/div>\n\t\t\t\t<div class=\"elementor-element elementor-element-6c484501 elementor-widget elementor-widget-text-editor\" data-id=\"6c484501\" data-element_type=\"widget\" data-e-type=\"widget\" data-widget_type=\"text-editor.default\">\n\t\t\t\t<div class=\"elementor-widget-container\">\n\t\t\t\t\t\t\t\t\t<p style=\"text-align: justify;\"><span style=\"color: #6b3529;\">Dilara Tokatl\u0131o\u011flu, \u0130stanbul, T\u00fcrkiye'de do\u011fdu. Ey\u00fcbo\u011flu Koleji\u2019nden mezun olduktan sonra, 2015 y\u0131l\u0131nda Yeditepe \u00dcniversitesi\u2019nde Mimarl\u0131k ve Peyzaj Mimarl\u0131\u011f\u0131 alanlar\u0131nda \u00e7ift anadal program\u0131n\u0131 tamamlad\u0131. De\u011fi\u015fim program\u0131 kapsam\u0131nda, Avustralya\u2019n\u0131n Queensland eyaletinde bulunan Sunshine Coast \u00dcniversitesi\u2019nde bir d\u00f6nem e\u011fitim ald\u0131.<\/span><\/p><p style=\"text-align: justify;\"><span style=\"color: #6b3529;\">Kariyerini, \u0130stanbul\u2019daki prestijli mimarl\u0131k, i\u00e7 mek\u00e2n tasar\u0131m\u0131 ve peyzaj firmalar\u0131nda tasar\u0131mc\u0131 olarak \u00e7al\u0131\u015farak \u015fekillendirmi\u015ftir. Ticari ve l\u00fcks konut projelerinde liderlik yapm\u0131\u015f ve tasar\u0131mlar geli\u015ftirmi\u015ftir. 2020 y\u0131l\u0131nda kendi firmas\u0131 DT Design Lab\u2019i kurmu\u015ftur. 2024 y\u0131l\u0131nda Selen T\u00fcreli Batmaz ile g\u00fc\u00e7lerini birle\u015ftirerek Mar\u0101u\u2019yu kurmu\u015f ve o tarihten itibaren birlikte \u00e7al\u0131\u015fmaktad\u0131rlar.<\/span><\/p>\t\t\t\t\t\t\t\t<\/div>\n\t\t\t\t<\/div>\n\t\t\t\t\t<\/div>\n\t\t<\/div>\n\t\t\t\t<div class=\"elementor-column elementor-col-50 elementor-top-column elementor-element elementor-element-cce8855\" data-id=\"cce8855\" data-element_type=\"column\" data-e-type=\"column\">\n\t\t\t<div class=\"elementor-widget-wrap elementor-element-populated\">\n\t\t\t\t\t\t<div class=\"elementor-element elementor-element-c1db597 elementor-widget__width-auto elementor-widget elementor-widget-hiroshi_core_single_image\" data-id=\"c1db597\" data-element_type=\"widget\" data-e-type=\"widget\" data-widget_type=\"hiroshi_core_single_image.default\">\n\t\t\t\t<div class=\"elementor-widget-container\">\n\t\t\t\t\t<div class=\"qodef-shortcode qodef-m qodef-single-image qodef-layout--default qodef--retina\">\n\t\t\t<div class=\"qodef-m-image\">\n\t\t\t\t\t\t\t\t\t\t\t\t\t\t<img decoding=\"async\" itemprop=\"image\" src=\"https:\/\/marau.ist\/wp-content\/uploads\/2025\/07\/selen-1.webp\" width=\"533\" height=\"800\" alt=\"\" \/>\n\t\t\t\t\t\t\t\t\t\t\t\t\t<\/div>\n\t<\/div>\n\t\t\t\t<\/div>\n\t\t\t\t<\/div>\n\t\t\t\t<div class=\"elementor-element elementor-element-1ee7cb4 elementor-widget elementor-widget-hiroshi_core_section_title\" data-id=\"1ee7cb4\" data-element_type=\"widget\" data-e-type=\"widget\" data-widget_type=\"hiroshi_core_section_title.default\">\n\t\t\t\t<div class=\"elementor-widget-container\">\n\t\t\t\t\t<div class=\"qodef-shortcode qodef-m qodef-section-title qodef-alignment--center qodef-title-break--disabled\">\n\t\t<h5 class=\"qodef-m-title\" >\n\t\t\t\t\tSELEN T\u00dcREL\u0130 BATMAZ<br \/>\t\t\t<\/h5>\n\t\t<p class=\"qodef-m-text\" style=\"margin-top: 5px\">MDes \u0130\u00e7 Mek\u00e2n Mimar\u0131 ve \u00c7evresel Tasar\u0131mc\u0131.<\/p>\n<\/div>\n\t\t\t\t<\/div>\n\t\t\t\t<\/div>\n\t\t\t\t<div class=\"elementor-element elementor-element-9e01485 elementor-widget elementor-widget-text-editor\" data-id=\"9e01485\" data-element_type=\"widget\" data-e-type=\"widget\" data-widget_type=\"text-editor.default\">\n\t\t\t\t<div class=\"elementor-widget-container\">\n\t\t\t\t\t\t\t\t\t<p style=\"text-align: justify;\"><span style=\"color: #6b3529;\">Selen T\u00fcreli, Adana, T\u00fcrkiye'de do\u011fdu. Tarsus Amerikan Koleji\u2019nden mezun olduktan sonra, Bilkent \u00dcniversitesi \u0130\u00e7 Mimarl\u0131k ve \u00c7evre Tasar\u0131m\u0131 b\u00f6l\u00fcm\u00fcnde lisans e\u011fitimini 2015 y\u0131l\u0131nda tamamlad\u0131. Onur \u00f6\u011frencisi olarak Erasmus de\u011fi\u015fim program\u0131na kat\u0131ld\u0131 ve bir d\u00f6nem boyunca Polonya\u2019da Gda\u0144sk G\u00fczel Sanatlar Akademisi\u2019nde e\u011fitim ald\u0131. E\u011fitimine Birle\u015fik Krall\u0131k\u2019\u0131n \u0130sko\u00e7ya b\u00f6lgesindeki Glasgow School of Art'ta devam etti ve 2016 y\u0131l\u0131nda \u0130\u00e7 Mekan Tasar\u0131m\u0131 alan\u0131nda y\u00fcksek lisans derecesi ald\u0131.<\/span><\/p><p style=\"text-align: justify;\"><span style=\"color: #6b3529;\">Kariyerine \u0130stanbul\u2019daki se\u00e7kin tasar\u0131m firmalar\u0131nda tasar\u0131mc\u0131 olarak ba\u015flam\u0131\u015f, ticari ve y\u00fcksek segment konut projelerinde y\u00f6netim ve tasar\u0131m g\u00f6revlerini \u00fcstlenmi\u015ftir. 2020 y\u0131l\u0131nda kendi firmas\u0131 Studio T\u00fcreli\u2019yi kurmu\u015ftur. 2024 y\u0131l\u0131nda Dilara Tokatl\u0131o\u011flu ile birle\u015ferek Mar\u0101u markas\u0131n\u0131 olu\u015fturmu\u015f ve o tarihten itibaren birlikte \u00e7al\u0131\u015fmaktad\u0131rlar.<\/span><\/p>\t\t\t\t\t\t\t\t<\/div>\n\t\t\t\t<\/div>\n\t\t\t\t\t<\/div>\n\t\t<\/div>\n\t\t\t\t\t<\/div>\n\t\t<\/section>\n\t\t\t\t<\/div>","protected":false},"excerpt":{"rendered":"<p>OUR MISSION Journey to the Future with the Ancient Crafts of Anatolia Anatolia is a place like no other with its people, culture, and art. The ancient crafts of Anatolia are among the greatest treasures history has bestowed upon us. As someone who was born and raised in this land, we wanted to bring the [&hellip;]<\/p>\n","protected":false},"author":1,"featured_media":0,"parent":0,"menu_order":0,"comment_status":"closed","ping_status":"closed","template":"page-full-width.php","meta":{"footnotes":""},"class_list":["post-9568","page","type-page","status-publish","hentry"],"_links":{"self":[{"href":"https:\/\/marau.ist\/tr\/wp-json\/wp\/v2\/pages\/9568","targetHints":{"allow":["GET"]}}],"collection":[{"href":"https:\/\/marau.ist\/tr\/wp-json\/wp\/v2\/pages"}],"about":[{"href":"https:\/\/marau.ist\/tr\/wp-json\/wp\/v2\/types\/page"}],"author":[{"embeddable":true,"href":"https:\/\/marau.ist\/tr\/wp-json\/wp\/v2\/users\/1"}],"replies":[{"embeddable":true,"href":"https:\/\/marau.ist\/tr\/wp-json\/wp\/v2\/comments?post=9568"}],"version-history":[{"count":152,"href":"https:\/\/marau.ist\/tr\/wp-json\/wp\/v2\/pages\/9568\/revisions"}],"predecessor-version":[{"id":10060,"href":"https:\/\/marau.ist\/tr\/wp-json\/wp\/v2\/pages\/9568\/revisions\/10060"}],"wp:attachment":[{"href":"https:\/\/marau.ist\/tr\/wp-json\/wp\/v2\/media?parent=9568"}],"curies":[{"name":"wp","href":"https:\/\/api.w.org\/{rel}","templated":true}]}}